{"id":2177,"date":"2025-12-17T15:53:47","date_gmt":"2025-12-17T14:53:47","guid":{"rendered":"https:\/\/www.ccg-ci.com\/?page_id=2177"},"modified":"2025-12-17T16:02:25","modified_gmt":"2025-12-17T15:02:25","slug":"formations","status":"publish","type":"page","link":"https:\/\/www.ccg-ci.com\/index.php\/formations\/","title":{"rendered":"Formations"},"content":{"rendered":"\t\t<div data-elementor-type=\"wp-page\" data-elementor-id=\"2177\" class=\"elementor elementor-2177\">\n\t\t\t\t<div class=\"elementor-element elementor-element-5173333 e-flex e-con-boxed wpr-particle-no wpr-jarallax-no wpr-parallax-no wpr-sticky-section-no e-con e-parent\" data-id=\"5173333\" data-element_type=\"container\" data-e-type=\"container\">\n\t\t\t\t\t<div class=\"e-con-inner\">\n\t\t\t\t<div class=\"elementor-element elementor-element-d1128dd elementor-widget elementor-widget-heading\" data-id=\"d1128dd\" data-element_type=\"widget\" data-e-type=\"widget\" data-widget_type=\"heading.default\">\n\t\t\t\t<div class=\"elementor-widget-container\">\n\t\t\t\t\t<h2 class=\"elementor-heading-title elementor-size-default\">Nos offres &amp; actualit\u00e9s<\/h2>\t\t\t\t<\/div>\n\t\t\t\t<\/div>\n\t\t\t\t\t<\/div>\n\t\t\t\t<\/div>\n\t\t<div class=\"elementor-element elementor-element-74a52ae e-flex e-con-boxed wpr-particle-no wpr-jarallax-no wpr-parallax-no wpr-sticky-section-no e-con e-parent\" data-id=\"74a52ae\" data-element_type=\"container\" data-e-type=\"container\">\n\t\t\t\t\t<div class=\"e-con-inner\">\n\t\t\t\t<div class=\"elementor-element elementor-element-2ffc125 wpr-adv-slider-columns-1 wpr-adv-slider-columns--tablet1 wpr-adv-slider-columns--mobile1 wpr-adv-slides-to-scroll-1 wpr-slider-dots-horizontal elementor-widget elementor-widget-wpr-advanced-slider\" data-id=\"2ffc125\" data-element_type=\"widget\" data-e-type=\"widget\" data-settings=\"{&quot;slider_amount&quot;:1,&quot;slider_amount_tablet&quot;:1,&quot;slider_amount_mobile&quot;:1,&quot;slides_to_scroll&quot;:1,&quot;slider_loop&quot;:&quot;yes&quot;,&quot;slider_hide_video_content&quot;:&quot;yes&quot;,&quot;slider_video_btn_size&quot;:&quot;medium&quot;}\" data-widget_type=\"wpr-advanced-slider.default\">\n\t\t\t\t<div class=\"elementor-widget-container\">\n\t\t\t\t\t\n\t\t<!-- Advanced Slider -->\n\t\t<div class=\"wpr-advanced-slider-wrap\">\n\t\t\t\n\t\t\t<div class=\"wpr-advanced-slider\" dir=\"ltr\" data-slick=\"{&quot;rtl&quot;:false,&quot;infinite&quot;:true,&quot;speed&quot;:700,&quot;arrows&quot;:true,&quot;dots&quot;:true,&quot;autoplay&quot;:false,&quot;autoplaySpeed&quot;:1000,&quot;pauseOnHover&quot;:&quot;&quot;,&quot;prevArrow&quot;:&quot;#wpr-slider-prev-2ffc125&quot;,&quot;nextArrow&quot;:&quot;#wpr-slider-next-2ffc125&quot;,&quot;vertical&quot;:false,&quot;adaptiveHeight&quot;:true}\" data-hide-video-content=\"yes\" data-video-btn-size=\"{&quot;widescreen&quot;:&quot;medium&quot;,&quot;desktop&quot;:&quot;medium&quot;,&quot;laptop&quot;:&quot;medium&quot;,&quot;tablet_extra&quot;:&quot;medium&quot;,&quot;tablet&quot;:&quot;medium&quot;,&quot;mobile_extra&quot;:&quot;medium&quot;,&quot;mobile&quot;:&quot;medium&quot;}\" data-slide-effect=\"slide\">\n\t\t\t\t<div class=\"wpr-slider-item elementor-repeater-item-9f3733b\"><div class=\"wpr-slider-item-bg \" style=\"background-image: url(https:\/\/www.ccg-ci.com\/wp-content\/uploads\/2025\/12\/slider-1.png)\"><\/div><div class=\"wpr-slider-item-overlay\"><\/div><div class=\"wpr-cv-container\"><div class=\"wpr-cv-outer\"><div class=\"wpr-cv-inner\"><div class=\"wpr-slider-content\"><div class=\"wpr-slider-title\"><h2>Conf\u00e9rence annuelle 2024<\/h2><\/div><div class=\"wpr-slider-description\"><p>Retour sur notre grand \u00e9v\u00e9nement sur l'innovation p\u00e9dagogique.<\/p><\/div><div class=\"wpr-slider-btns\"><\/div><\/div><\/div><\/div><\/div><\/div><div class=\"wpr-slider-item elementor-repeater-item-db01c7a\"><div class=\"wpr-slider-item-bg \" style=\"background-image: url(https:\/\/www.ccg-ci.com\/wp-content\/uploads\/2025\/12\/slide-2.png)\"><\/div><div class=\"wpr-slider-item-overlay\"><\/div><div class=\"wpr-cv-container\"><div class=\"wpr-cv-outer\"><div class=\"wpr-cv-inner\"><div class=\"wpr-slider-content\"><div class=\"wpr-slider-title\"><h2>Certification PCM<\/h2><\/div><div class=\"wpr-slider-description\"><p>F\u00e9licitations \u00e0 notre nouvelle promotion certifi\u00e9e !<\/p><\/div><div class=\"wpr-slider-btns\"><\/div><\/div><\/div><\/div><\/div><\/div><div class=\"wpr-slider-item elementor-repeater-item-a80b275\"><div class=\"wpr-slider-item-bg \" style=\"background-image: url(https:\/\/www.ccg-ci.com\/wp-content\/uploads\/2025\/12\/slide-3.png)\"><\/div><div class=\"wpr-slider-item-overlay\"><\/div><div class=\"wpr-cv-container\"><div class=\"wpr-cv-outer\"><div class=\"wpr-cv-inner\"><div class=\"wpr-slider-content\"><div class=\"wpr-slider-title\"><h2>Nouveaux Modules E-Learning<\/h2><\/div><div class=\"wpr-slider-description\"><p>D\u00e9couvrez notre biblioth\u00e8que num\u00e9rique enrichie.<\/p><\/div><div class=\"wpr-slider-btns\"><\/div><\/div><\/div><\/div><\/div><\/div>\t\t\t<\/div>\n\t\t\t<div class=\"wpr-slider-controls\">\n\t\t\t\t<div class=\"wpr-slider-dots\"><\/div>\n\t\t\t<\/div>\n\n\t\t\t<div class=\"wpr-slider-arrow-container\">\n\t\t\t\t<div class=\"wpr-slider-prev-arrow wpr-slider-arrow\" id=\"wpr-slider-prev-2ffc125\">\n\t\t\t\t\t<svg version=\"1.1\" xmlns=\"http:\/\/www.w3.org\/2000\/svg\" xmlns:xlink=\"http:\/\/www.w3.org\/1999\/xlink\" x=\"0px\" y=\"0px\" viewBox=\"0 0 283.4 512\" style=\"enable-background:new 0 0 283.4 512;\" xml:space=\"preserve\"><g><polygon class=\"st0\" points=\"54.5,256.3 283.4,485.1 256.1,512.5 0,256.3 0,256.3 27.2,229 256.1,0 283.4,27.4 \"\/><\/g><\/svg>\t\t\t\t<\/div>\n\t\t\t\t<div class=\"wpr-slider-next-arrow wpr-slider-arrow\" id=\"wpr-slider-next-2ffc125\">\n\t\t\t\t\t<svg version=\"1.1\" xmlns=\"http:\/\/www.w3.org\/2000\/svg\" xmlns:xlink=\"http:\/\/www.w3.org\/1999\/xlink\" x=\"0px\" y=\"0px\" viewBox=\"0 0 283.4 512\" style=\"enable-background:new 0 0 283.4 512;\" xml:space=\"preserve\"><g><polygon class=\"st0\" points=\"54.5,256.3 283.4,485.1 256.1,512.5 0,256.3 0,256.3 27.2,229 256.1,0 283.4,27.4 \"\/><\/g><\/svg>\t\t\t\t<\/div>\n\t\t\t<\/div>\n\t\t\t\n\t\t\t\n\t\t<\/div>\n\t\t\t\t\t\t<\/div>\n\t\t\t\t<\/div>\n\t\t\t\t<div class=\"elementor-element elementor-element-2a25d23 elementor-widget elementor-widget-heading\" data-id=\"2a25d23\" data-element_type=\"widget\" data-e-type=\"widget\" data-widget_type=\"heading.default\">\n\t\t\t\t<div class=\"elementor-widget-container\">\n\t\t\t\t\t<h2 class=\"elementor-heading-title elementor-size-default\">Qui sommes-nous ?<\/h2>\t\t\t\t<\/div>\n\t\t\t\t<\/div>\n\t\t\t\t<div class=\"elementor-element elementor-element-121aaec elementor-widget-divider--view-line elementor-widget elementor-widget-divider\" data-id=\"121aaec\" data-element_type=\"widget\" data-e-type=\"widget\" data-widget_type=\"divider.default\">\n\t\t\t\t<div class=\"elementor-widget-container\">\n\t\t\t\t\t\t\t<div class=\"elementor-divider\">\n\t\t\t<span class=\"elementor-divider-separator\">\n\t\t\t\t\t\t<\/span>\n\t\t<\/div>\n\t\t\t\t\t\t<\/div>\n\t\t\t\t<\/div>\n\t\t\t\t\t<\/div>\n\t\t\t\t<\/div>\n\t\t<div class=\"elementor-element elementor-element-3e7f5b1 e-flex e-con-boxed wpr-particle-no wpr-jarallax-no wpr-parallax-no wpr-sticky-section-no e-con e-parent\" data-id=\"3e7f5b1\" data-element_type=\"container\" data-e-type=\"container\">\n\t\t\t\t\t<div class=\"e-con-inner\">\n\t\t\t\t<div class=\"elementor-element elementor-element-d211664 elementor-widget elementor-widget-text-editor\" data-id=\"d211664\" data-element_type=\"widget\" data-e-type=\"widget\" data-widget_type=\"text-editor.default\">\n\t\t\t\t<div class=\"elementor-widget-container\">\n\t\t\t\t\t\t\t\t\t<p>\u00a0<\/p><p style=\"margin: 0px auto 40px; padding: 0px; box-sizing: border-box; max-width: 800px; font-size: 1.1rem; color: #475569; font-family: 'Open Sans', sans-serif; font-style: normal; font-variant-ligatures: normal; font-variant-caps: normal; font-weight: 400; letter-spacing: normal; orphans: 2; text-align: center; text-indent: 0px; text-transform: none; widows: 2; word-spacing: 0px; -webkit-text-stroke-width: 0px; white-space: normal; background-color: #ffffff; text-decoration-thickness: initial; text-decoration-style: initial; text-decoration-color: initial;\">Chez Co&amp;Co Group, notre mission est d&rsquo;amplifier l&rsquo;impact de l&rsquo;expertise en ma\u00eetrisant l&rsquo;art de la transmission. Nous vous accompagnons pour transformer vos connaissances en r\u00e9sultats concrets \u00e0 travers des formations certifiantes et innovantes.<\/p>\t\t\t\t\t\t\t\t<\/div>\n\t\t\t\t<\/div>\n\t\t\t\t<div class=\"elementor-element elementor-element-e825663 elementor-align-center elementor-widget elementor-widget-button\" data-id=\"e825663\" data-element_type=\"widget\" data-e-type=\"widget\" data-widget_type=\"button.default\">\n\t\t\t\t<div class=\"elementor-widget-container\">\n\t\t\t\t\t\t\t\t\t<div class=\"elementor-button-wrapper\">\n\t\t\t\t\t<a class=\"elementor-button elementor-button-link elementor-size-sm\" href=\"#\">\n\t\t\t\t\t\t<span class=\"elementor-button-content-wrapper\">\n\t\t\t\t\t\t<span class=\"elementor-button-icon\">\n\t\t\t\t<i aria-hidden=\"true\" class=\"icon icon-right-arrow\"><\/i>\t\t\t<\/span>\n\t\t\t\t\t\t\t\t\t<span class=\"elementor-button-text\">En savoir plus sur Co&amp;Co Group <\/span>\n\t\t\t\t\t<\/span>\n\t\t\t\t\t<\/a>\n\t\t\t\t<\/div>\n\t\t\t\t\t\t\t\t<\/div>\n\t\t\t\t<\/div>\n\t\t\t\t\t<\/div>\n\t\t\t\t<\/div>\n\t\t\t\t<\/div>\n\t\t","protected":false},"excerpt":{"rendered":"<p>Nos offres &amp; actualit\u00e9s Conf\u00e9rence annuelle 2024 Retour sur notre grand \u00e9v\u00e9nement sur l&rsquo;innovation p\u00e9dagogique. Certification PCM F\u00e9licitations \u00e0 notre nouvelle promotion certifi\u00e9e ! Nouveaux Modules E-Learning D\u00e9couvrez notre biblioth\u00e8que num\u00e9rique enrichie. Qui sommes-nous ? \u00a0 Chez Co&amp;Co Group, notre mission est d&rsquo;amplifier l&rsquo;impact de l&rsquo;expertise en ma\u00eetrisant l&rsquo;art de la transmission. Nous vous accompagnons pour transformer vos connaissances en r\u00e9sultats concrets \u00e0 travers des formations certifiantes et innovantes. En savoir plus sur Co&amp;Co Group<\/p>\n","protected":false},"author":1,"featured_media":0,"parent":0,"menu_order":0,"comment_status":"closed","ping_status":"closed","template":"elementor_header_footer","meta":{"_eb_attr":"","footnotes":""},"class_list":["post-2177","page","type-page","status-publish","hentry"],"_links":{"self":[{"href":"https:\/\/www.ccg-ci.com\/index.php\/wp-json\/wp\/v2\/pages\/2177","targetHints":{"allow":["GET"]}}],"collection":[{"href":"https:\/\/www.ccg-ci.com\/index.php\/wp-json\/wp\/v2\/pages"}],"about":[{"href":"https:\/\/www.ccg-ci.com\/index.php\/wp-json\/wp\/v2\/types\/page"}],"author":[{"embeddable":true,"href":"https:\/\/www.ccg-ci.com\/index.php\/wp-json\/wp\/v2\/users\/1"}],"replies":[{"embeddable":true,"href":"https:\/\/www.ccg-ci.com\/index.php\/wp-json\/wp\/v2\/comments?post=2177"}],"version-history":[{"count":4,"href":"https:\/\/www.ccg-ci.com\/index.php\/wp-json\/wp\/v2\/pages\/2177\/revisions"}],"predecessor-version":[{"id":2197,"href":"https:\/\/www.ccg-ci.com\/index.php\/wp-json\/wp\/v2\/pages\/2177\/revisions\/2197"}],"wp:attachment":[{"href":"https:\/\/www.ccg-ci.com\/index.php\/wp-json\/wp\/v2\/media?parent=2177"}],"curies":[{"name":"wp","href":"https:\/\/api.w.org\/{rel}","templated":true}]}}