{"id":1161,"date":"2025-06-13T22:28:17","date_gmt":"2025-06-13T20:28:17","guid":{"rendered":"https:\/\/www.ccg-ci.com\/?page_id=1161"},"modified":"2025-06-13T22:31:43","modified_gmt":"2025-06-13T20:31:43","slug":"a-propos","status":"publish","type":"page","link":"https:\/\/www.ccg-ci.com\/index.php\/a-propos\/","title":{"rendered":"A propos"},"content":{"rendered":"\t\t<div data-elementor-type=\"wp-page\" data-elementor-id=\"1161\" class=\"elementor elementor-1161\">\n\t\t\t\t\t\t<section class=\"elementor-section elementor-top-section elementor-element elementor-element-ab9bf90 elementor-section-boxed elementor-section-height-default elementor-section-height-default wpr-particle-no wpr-jarallax-no wpr-parallax-no wpr-sticky-section-no\" data-id=\"ab9bf90\" data-element_type=\"section\" data-e-type=\"section\" data-settings=\"{&quot;background_background&quot;:&quot;classic&quot;}\">\n\t\t\t\t\t\t<div class=\"elementor-container elementor-column-gap-no\">\n\t\t\t\t\t<div class=\"elementor-column elementor-col-100 elementor-top-column elementor-element elementor-element-216884d\" data-id=\"216884d\" data-element_type=\"column\" data-e-type=\"column\">\n\t\t\t<div class=\"elementor-widget-wrap elementor-element-populated\">\n\t\t\t\t\t\t<section class=\"elementor-section elementor-inner-section elementor-element elementor-element-66952fd elementor-section-full_width elementor-section-height-default elementor-section-height-default wpr-particle-no wpr-jarallax-no wpr-parallax-no wpr-sticky-section-no\" data-id=\"66952fd\" data-element_type=\"section\" data-e-type=\"section\">\n\t\t\t\t\t\t<div class=\"elementor-container elementor-column-gap-no\">\n\t\t\t\t\t<div class=\"elementor-column elementor-col-100 elementor-inner-column elementor-element elementor-element-61baf84\" data-id=\"61baf84\" data-element_type=\"column\" data-e-type=\"column\">\n\t\t\t<div class=\"elementor-widget-wrap elementor-element-populated\">\n\t\t\t\t\t\t<div class=\"elementor-element elementor-element-1b632a3 elementor-widget elementor-widget-heading\" data-id=\"1b632a3\" data-element_type=\"widget\" data-e-type=\"widget\" data-widget_type=\"heading.default\">\n\t\t\t\t<div class=\"elementor-widget-container\">\n\t\t\t\t\t<h2 class=\"elementor-heading-title elementor-size-default\">NOTRE CABINET : Coaching et Consulting Group \n<\/h2>\t\t\t\t<\/div>\n\t\t\t\t<\/div>\n\t\t\t\t\t<\/div>\n\t\t<\/div>\n\t\t\t\t\t<\/div>\n\t\t<\/section>\n\t\t\t\t<section class=\"elementor-section elementor-inner-section elementor-element elementor-element-d466435 elementor-section-full_width elementor-section-height-default elementor-section-height-default wpr-particle-no wpr-jarallax-no wpr-parallax-no wpr-sticky-section-no\" data-id=\"d466435\" data-element_type=\"section\" data-e-type=\"section\">\n\t\t\t\t\t\t<div class=\"elementor-container elementor-column-gap-no\">\n\t\t\t\t\t<div class=\"elementor-column elementor-col-50 elementor-inner-column elementor-element elementor-element-ece9204\" data-id=\"ece9204\" data-element_type=\"column\" data-e-type=\"column\">\n\t\t\t<div class=\"elementor-widget-wrap elementor-element-populated\">\n\t\t\t\t\t\t<div class=\"elementor-element elementor-element-20cfc03 animated-slow elementor-invisible elementor-widget elementor-widget-image\" data-id=\"20cfc03\" data-element_type=\"widget\" data-e-type=\"widget\" data-settings=\"{&quot;_animation&quot;:&quot;fadeInUp&quot;}\" data-widget_type=\"image.default\">\n\t\t\t\t<div class=\"elementor-widget-container\">\n\t\t\t\t\t\t\t\t\t\t\t\t\t\t\t<img decoding=\"async\" src=\"http:\/\/www.ccg-ci.com\/wp-content\/uploads\/2025\/06\/femme-d-affaires-sombre-se-serrant-la-main-avec-un-collegue-masculin.jpg\" title=\"\" alt=\"\" loading=\"lazy\" \/>\t\t\t\t\t\t\t\t\t\t\t\t\t\t\t<\/div>\n\t\t\t\t<\/div>\n\t\t\t\t\t<\/div>\n\t\t<\/div>\n\t\t\t\t<div class=\"elementor-column elementor-col-50 elementor-inner-column elementor-element elementor-element-9d8734a\" data-id=\"9d8734a\" data-element_type=\"column\" data-e-type=\"column\">\n\t\t\t<div class=\"elementor-widget-wrap elementor-element-populated\">\n\t\t\t\t\t\t<div class=\"elementor-element elementor-element-2d38852 elementor-widget elementor-widget-heading\" data-id=\"2d38852\" data-element_type=\"widget\" data-e-type=\"widget\" data-widget_type=\"heading.default\">\n\t\t\t\t<div class=\"elementor-widget-container\">\n\t\t\t\t\t<p class=\"elementor-heading-title elementor-size-default\">Un partenaire panafricain pour des \u00e9quipes performantes \nCoaching et Consulting Group est un cabinet de conseil en d\u00e9veloppement humain et \norganisationnel, sp\u00e9cialis\u00e9 dans l'accompagnement des entreprises et des individus en \nAfrique. Notre mission est de dynamiser la performance collective en renfor\u00e7ant la \ncoh\u00e9sion d'\u00e9quipe, la motivation et l'engagement des collaborateurs. \nCouvrant la C\u00f4te d'Ivoire, le Ghana, la Guin\u00e9e et le Burkina Faso, nous intervenons \naupr\u00e8s d'entreprises de toutes tailles et de tous secteurs d'activit\u00e9. Notre \u00e9quipe \nmulticulturelle, compos\u00e9e de coachs nationaux et internationaux exp\u00e9riment\u00e9s, \nposs\u00e8de une expertise pointue en team building et en animation d'ateliers collaboratifs.<\/p>\t\t\t\t<\/div>\n\t\t\t\t<\/div>\n\t\t\t\t\t<\/div>\n\t\t<\/div>\n\t\t\t\t\t<\/div>\n\t\t<\/section>\n\t\t\t\t\t<\/div>\n\t\t<\/div>\n\t\t\t\t\t<\/div>\n\t\t<\/section>\n\t\t\t\t<section class=\"elementor-section elementor-top-section elementor-element elementor-element-0af2acd elementor-section-boxed elementor-section-height-default elementor-section-height-default wpr-particle-no wpr-jarallax-no wpr-parallax-no wpr-sticky-section-no\" data-id=\"0af2acd\" data-element_type=\"section\" data-e-type=\"section\" data-settings=\"{&quot;background_background&quot;:&quot;classic&quot;}\">\n\t\t\t\t\t\t<div class=\"elementor-container elementor-column-gap-no\">\n\t\t\t\t\t<div class=\"elementor-column elementor-col-100 elementor-top-column elementor-element elementor-element-cc1a130\" data-id=\"cc1a130\" data-element_type=\"column\" data-e-type=\"column\">\n\t\t\t<div class=\"elementor-widget-wrap elementor-element-populated\">\n\t\t\t\t\t\t<section class=\"elementor-section elementor-inner-section elementor-element elementor-element-c106de0 elementor-section-full_width elementor-section-height-default elementor-section-height-default wpr-particle-no wpr-jarallax-no wpr-parallax-no wpr-sticky-section-no\" data-id=\"c106de0\" data-element_type=\"section\" data-e-type=\"section\">\n\t\t\t\t\t\t<div class=\"elementor-container elementor-column-gap-no\">\n\t\t\t\t\t<div class=\"elementor-column elementor-col-100 elementor-inner-column elementor-element elementor-element-f21735f\" data-id=\"f21735f\" data-element_type=\"column\" data-e-type=\"column\">\n\t\t\t<div class=\"elementor-widget-wrap elementor-element-populated\">\n\t\t\t\t\t\t<div class=\"elementor-element elementor-element-9591394 elementor-widget elementor-widget-heading\" data-id=\"9591394\" data-element_type=\"widget\" data-e-type=\"widget\" data-widget_type=\"heading.default\">\n\t\t\t\t<div class=\"elementor-widget-container\">\n\t\t\t\t\t<h2 class=\"elementor-heading-title elementor-size-default\">Notre approche repose sur : \n<br><b>L'\u00e9coute active et la compr\u00e9hension des besoins sp\u00e9cifiques de chaque client <\/b>\n: Nous prenons le temps de vous conna\u00eetre, de comprendre votre culture \nd'entreprise et vos enjeux afin de concevoir un team building qui vous ressemble. \nChaque d\u00e9tail compte, car le succ\u00e8s de vos \u00e9quipes est notre priorit\u00e9. \n<br><b>La co-cr\u00e9ation de solutions sur mesure, adapt\u00e9es au contexte et aux enjeux <\/b>\nde l'entreprise : Nous travaillons en \u00e9troite collaboration avec vous pour \nconcevoir un team building unique et pertinent, en int\u00e9grant vos objectifs, vos \nvaleurs et vos contraintes. Votre team building sera le reflet de votre identit\u00e9 \net un levier pour atteindre vos ambitions. \n<br><b>L'animation d'activit\u00e9s ludiques<\/b>, interactives et engageantes, favorisant la \nparticipation active et l'apprentissage : Nous croyons que l'apprentissage passe \npar l'exp\u00e9rience et le plaisir. Nos activit\u00e9s sont con\u00e7ues pour stimuler \nl'engagement, la cr\u00e9ativit\u00e9 et la collaboration, tout en favorisant l'acquisition de \nnouvelles comp\u00e9tences et la consolidation des liens d'\u00e9quipe. Apprendre en \ns'amusant, telle est notre devise.<br>\n<b>L'int\u00e9gration des valeurs de l'entreprise et la promotion d'une culture \nd'excellence<\/b> : Nous veillons \u00e0 ce que le team building soit en phase avec les \nvaleurs de votre entreprise et contribue \u00e0 renforcer une culture d'excellence, \nd'innovation et de performance. C\u2019est ce qui explique le recours que nous faisons \naux Coachs Fil Rouge (CFR). Vos valeurs sont au c\u0153ur de notre d\u00e9marche, car \nelles sont le moteur de votre r\u00e9ussite.<\/h2>\t\t\t\t<\/div>\n\t\t\t\t<\/div>\n\t\t\t\t<div class=\"elementor-element elementor-element-5082f86 elementor-widget elementor-widget-heading\" data-id=\"5082f86\" data-element_type=\"widget\" data-e-type=\"widget\" data-widget_type=\"heading.default\">\n\t\t\t\t<div class=\"elementor-widget-container\">\n\t\t\t\t\t<h2 class=\"elementor-heading-title elementor-size-default\">Nos domaines d'expertise couvrent un large spectre : \n<br><b>Team Building<\/b> : Renforcement de la coh\u00e9sion d'\u00e9quipe, am\u00e9lioration de la \ncommunication, d\u00e9veloppement de la motivation. \n<br><b>Leadership et Management<\/b> : D\u00e9veloppement du leadership, coaching de \nmanagers, gestion d'\u00e9quipes. \n<br><b>Gestion du Changement<\/b> : Accompagnement des transformations \norganisationnelles, conduite du changement. \n<br><b>Communication<\/b> : Am\u00e9lioration de la communication interne et externe, gestion <br>\nde crise. \n<br><b>Ressources Humaines<\/b> : Recrutement, formation, gestion des talents, \u00e9valuation \ndes performances.<\/h2>\t\t\t\t<\/div>\n\t\t\t\t<\/div>\n\t\t\t\t\t<\/div>\n\t\t<\/div>\n\t\t\t\t\t<\/div>\n\t\t<\/section>\n\t\t\t\t<section class=\"elementor-section elementor-inner-section elementor-element elementor-element-5a49df3 elementor-section-full_width elementor-section-height-default elementor-section-height-default wpr-particle-no wpr-jarallax-no wpr-parallax-no wpr-sticky-section-no\" data-id=\"5a49df3\" data-element_type=\"section\" data-e-type=\"section\">\n\t\t\t\t\t\t<div class=\"elementor-container elementor-column-gap-no\">\n\t\t\t\t\t<div class=\"elementor-column elementor-col-100 elementor-inner-column elementor-element elementor-element-42a9aa9\" data-id=\"42a9aa9\" data-element_type=\"column\" data-e-type=\"column\">\n\t\t\t<div class=\"elementor-widget-wrap elementor-element-populated\">\n\t\t\t\t\t\t<div class=\"elementor-element elementor-element-93e84b1 animated-slow elementor-invisible elementor-widget elementor-widget-image\" data-id=\"93e84b1\" data-element_type=\"widget\" data-e-type=\"widget\" data-settings=\"{&quot;_animation&quot;:&quot;fadeInUp&quot;}\" data-widget_type=\"image.default\">\n\t\t\t\t<div class=\"elementor-widget-container\">\n\t\t\t\t\t\t\t\t\t\t\t\t\t\t\t<img fetchpriority=\"high\" decoding=\"async\" width=\"1600\" height=\"1000\" src=\"https:\/\/www.ccg-ci.com\/wp-content\/uploads\/2025\/06\/OCE_Web_HeaderPhoto_GenBusITM_s756067300.jpg\" class=\"attachment-full size-full wp-image-531\" alt=\"\" srcset=\"https:\/\/www.ccg-ci.com\/wp-content\/uploads\/2025\/06\/OCE_Web_HeaderPhoto_GenBusITM_s756067300.jpg 1600w, https:\/\/www.ccg-ci.com\/wp-content\/uploads\/2025\/06\/OCE_Web_HeaderPhoto_GenBusITM_s756067300-300x188.jpg 300w, https:\/\/www.ccg-ci.com\/wp-content\/uploads\/2025\/06\/OCE_Web_HeaderPhoto_GenBusITM_s756067300-1024x640.jpg 1024w, https:\/\/www.ccg-ci.com\/wp-content\/uploads\/2025\/06\/OCE_Web_HeaderPhoto_GenBusITM_s756067300-768x480.jpg 768w, https:\/\/www.ccg-ci.com\/wp-content\/uploads\/2025\/06\/OCE_Web_HeaderPhoto_GenBusITM_s756067300-1536x960.jpg 1536w\" sizes=\"(max-width: 1600px) 100vw, 1600px\" \/>\t\t\t\t\t\t\t\t\t\t\t\t\t\t\t<\/div>\n\t\t\t\t<\/div>\n\t\t\t\t<div class=\"elementor-element elementor-element-89efbab elementor-widget elementor-widget-heading\" data-id=\"89efbab\" data-element_type=\"widget\" data-e-type=\"widget\" data-widget_type=\"heading.default\">\n\t\t\t\t<div class=\"elementor-widget-container\">\n\t\t\t\t\t<h2 class=\"elementor-heading-title elementor-size-default\">Nos engagements : \n<br><b>Confidentialit\u00e9<\/b>: Nous garantissons la confidentialit\u00e9 absolue de toutes les \ninformations partag\u00e9es lors du team building. Nos coachs sont tenus au secret \nprofessionnel et respectent les normes \u00e9thiques les plus strictes. \n<br><b>Ethique<\/b>: Nous nous engageons \u00e0 respecter les valeurs d'int\u00e9grit\u00e9, de respect et \nde responsabilit\u00e9 dans toutes nos interventions. Nos activit\u00e9s sont con\u00e7ues pour \npromouvoir un climat de confiance et de bienveillance.\n<br><b>Cr\u00e9ativit\u00e9<\/b> : Nous mettons l'accent sur l'innovation et la cr\u00e9ativit\u00e9 dans la \nconception de nos team building. Nous proposons des activit\u00e9s originales et \nstimulantes, adapt\u00e9es au contexte et aux objectifs de chaque client. Notre \nexp\u00e9rience panafricaine nous permet de puiser dans un large \u00e9ventail \nd'approches et d'outils pour cr\u00e9er des exp\u00e9riences uniques et m\u00e9morables. \n<br><b>R\u00e9sultats concrets<\/b> : Nous nous engageons \u00e0 vous fournir des r\u00e9sultats concrets \net mesurables. Notre m\u00e9thodologie rigoureuse, bas\u00e9e sur l'\u00e9valuation des besoins \net le suivi des r\u00e9sultats, vous garantit un retour sur investissement optimal. Nos \nteam building contribuent \u00e0 am\u00e9liorer la communication, la collaboration, la \nmotivation et l'engagement des \u00e9quipes, avec un impact positif sur la \nperformance collective de l'entreprise.<\/h2>\t\t\t\t<\/div>\n\t\t\t\t<\/div>\n\t\t\t\t<div class=\"elementor-element elementor-element-9ee36b0 elementor-widget elementor-widget-heading\" data-id=\"9ee36b0\" data-element_type=\"widget\" data-e-type=\"widget\" data-widget_type=\"heading.default\">\n\t\t\t\t<div class=\"elementor-widget-container\">\n\t\t\t\t\t<h2 class=\"elementor-heading-title elementor-size-default\">En choisissant Coaching et Consulting Group, vous optez pour : \n<br><b>Une expertise panafricaine et une connaissance approfondie des contextes \nlocaux <\/b>: Nos interventions au Ghana, en C\u00f4te d'Ivoire, en Guin\u00e9e et au Burkina \nFaso nous ont permis de d\u00e9velopper une compr\u00e9hension fine des enjeux et des \nsp\u00e9cificit\u00e9s culturelles de chaque pays. Cette expertise panafricaine, combin\u00e9e \n\u00e0 une connaissance approfondie des r\u00e9alit\u00e9s locales, nous permet de \nconcevoir des team building pertinents et adapt\u00e9s \u00e0 votre environnement.  \n<br><b>Une \u00e9quipe de coachs passionn\u00e9s et exp\u00e9riment\u00e9s, d\u00e9termin\u00e9s \u00e0 vous \naccompagner vers le succ\u00e8s de vos \u00e9quipes<\/b> : Nos coachs sont anim\u00e9s par la \npassion de l'humain et de la performance collective. Ils mettent leur expertise et \nleur \u00e9nergie au service de la r\u00e9ussite de votre team building, en vous \naccompagnant \u00e0 chaque \u00e9tape du processus. Leur engagement et leur \nprofessionnalisme garantissent un accompagnement de qualit\u00e9 et des \nr\u00e9sultats \u00e0 la hauteur de vos attentes.  \n<br><b>Des solutions innovantes et cr\u00e9atives pour des team building uniques et \nimpactants<\/b> : Nous ne nous contentons pas de reproduire des formules \nstandardis\u00e9es. Nous concevons des team building sur mesure, en utilisant des m\u00e9thodes et des outils innovants pour cr\u00e9er des exp\u00e9riences uniques et \nm\u00e9morables. Notre objectif est de vous proposer un team building qui \nmarquera les esprits et qui aura un impact positif durable sur vos \u00e9quipes. <\/h2>\t\t\t\t<\/div>\n\t\t\t\t<\/div>\n\t\t\t\t\t<\/div>\n\t\t<\/div>\n\t\t\t\t\t<\/div>\n\t\t<\/section>\n\t\t\t\t\t<\/div>\n\t\t<\/div>\n\t\t\t\t\t<\/div>\n\t\t<\/section>\n\t\t\t\t<\/div>\n\t\t","protected":false},"excerpt":{"rendered":"<p>NOTRE CABINET : Coaching et Consulting Group Un partenaire panafricain pour des \u00e9quipes performantes Coaching et Consulting Group est un cabinet de conseil en d\u00e9veloppement humain et organisationnel, sp\u00e9cialis\u00e9 dans l&rsquo;accompagnement des entreprises et des individus en Afrique. Notre mission est de dynamiser la performance collective en renfor\u00e7ant la coh\u00e9sion d&rsquo;\u00e9quipe, la motivation et l&rsquo;engagement des collaborateurs. Couvrant la C\u00f4te d&rsquo;Ivoire, le Ghana, la Guin\u00e9e et le Burkina Faso, nous intervenons aupr\u00e8s d&rsquo;entreprises de toutes tailles et de tous secteurs d&rsquo;activit\u00e9. Notre \u00e9quipe multiculturelle, compos\u00e9e de coachs nationaux et internationaux exp\u00e9riment\u00e9s, poss\u00e8de une expertise pointue en team building et en animation d&rsquo;ateliers collaboratifs. Notre approche repose sur : L&rsquo;\u00e9coute active et la compr\u00e9hension des besoins sp\u00e9cifiques de chaque client : Nous prenons le temps de vous conna\u00eetre, de comprendre votre culture d&rsquo;entreprise et vos enjeux afin de concevoir un team building qui vous ressemble. Chaque d\u00e9tail compte, car le succ\u00e8s de vos \u00e9quipes est notre priorit\u00e9. La co-cr\u00e9ation de solutions sur mesure, adapt\u00e9es au contexte et aux enjeux de l&rsquo;entreprise : Nous travaillons en \u00e9troite collaboration avec vous pour concevoir un team building unique et pertinent, en int\u00e9grant vos objectifs, vos valeurs et vos contraintes. Votre team building sera le reflet de votre identit\u00e9 et un levier pour atteindre vos ambitions. L&rsquo;animation d&rsquo;activit\u00e9s ludiques, interactives et engageantes, favorisant la participation active et l&rsquo;apprentissage : Nous croyons que l&rsquo;apprentissage passe par l&rsquo;exp\u00e9rience et le plaisir. Nos activit\u00e9s sont con\u00e7ues pour stimuler l&rsquo;engagement, la cr\u00e9ativit\u00e9 et la collaboration, tout en favorisant l&rsquo;acquisition de nouvelles comp\u00e9tences et la consolidation des liens d&rsquo;\u00e9quipe. Apprendre en s&rsquo;amusant, telle est notre devise. L&rsquo;int\u00e9gration des valeurs de l&rsquo;entreprise et la promotion d&rsquo;une culture d&rsquo;excellence : Nous veillons \u00e0 ce que le team building soit en phase avec les valeurs de votre entreprise et contribue \u00e0 renforcer une culture d&rsquo;excellence, d&rsquo;innovation et de performance. C\u2019est ce qui explique le recours que nous faisons aux Coachs Fil Rouge (CFR). Vos valeurs sont au c\u0153ur de notre d\u00e9marche, car elles sont le moteur de votre r\u00e9ussite. Nos domaines d&rsquo;expertise couvrent un large spectre : Team Building : Renforcement de la coh\u00e9sion d&rsquo;\u00e9quipe, am\u00e9lioration de la communication, d\u00e9veloppement de la motivation. Leadership et Management : D\u00e9veloppement du leadership, coaching de managers, gestion d&rsquo;\u00e9quipes. Gestion du Changement : Accompagnement des transformations organisationnelles, conduite du changement. Communication : Am\u00e9lioration de la communication interne et externe, gestion de crise. Ressources Humaines : Recrutement, formation, gestion des talents, \u00e9valuation des performances. Nos engagements : Confidentialit\u00e9: Nous garantissons la confidentialit\u00e9 absolue de toutes les informations partag\u00e9es lors du team building. Nos coachs sont tenus au secret professionnel et respectent les normes \u00e9thiques les plus strictes. Ethique: Nous nous engageons \u00e0 respecter les valeurs d&rsquo;int\u00e9grit\u00e9, de respect et de responsabilit\u00e9 dans toutes nos interventions. Nos activit\u00e9s sont con\u00e7ues pour promouvoir un climat de confiance et de bienveillance. Cr\u00e9ativit\u00e9 : Nous mettons l&rsquo;accent sur l&rsquo;innovation et la cr\u00e9ativit\u00e9 dans la conception de nos team building. Nous proposons des activit\u00e9s originales et stimulantes, adapt\u00e9es au contexte et aux objectifs de chaque client. Notre exp\u00e9rience panafricaine nous permet de puiser dans un large \u00e9ventail d&rsquo;approches et d&rsquo;outils pour cr\u00e9er des exp\u00e9riences uniques et m\u00e9morables. R\u00e9sultats concrets : Nous nous engageons \u00e0 vous fournir des r\u00e9sultats concrets et mesurables. Notre m\u00e9thodologie rigoureuse, bas\u00e9e sur l&rsquo;\u00e9valuation des besoins et le suivi des r\u00e9sultats, vous garantit un retour sur investissement optimal. Nos team building contribuent \u00e0 am\u00e9liorer la communication, la collaboration, la motivation et l&rsquo;engagement des \u00e9quipes, avec un impact positif sur la performance collective de l&rsquo;entreprise. En choisissant Coaching et Consulting Group, vous optez pour : Une expertise panafricaine et une connaissance approfondie des contextes locaux : Nos interventions au Ghana, en C\u00f4te d&rsquo;Ivoire, en Guin\u00e9e et au Burkina Faso nous ont permis de d\u00e9velopper une compr\u00e9hension fine des enjeux et des sp\u00e9cificit\u00e9s culturelles de chaque pays. Cette expertise panafricaine, combin\u00e9e \u00e0 une connaissance approfondie des r\u00e9alit\u00e9s locales, nous permet de concevoir des team building pertinents et adapt\u00e9s \u00e0 votre environnement. Une \u00e9quipe de coachs passionn\u00e9s et exp\u00e9riment\u00e9s, d\u00e9termin\u00e9s \u00e0 vous accompagner vers le succ\u00e8s de vos \u00e9quipes : Nos coachs sont anim\u00e9s par la passion de l&rsquo;humain et de la performance collective. Ils mettent leur expertise et leur \u00e9nergie au service de la r\u00e9ussite de votre team building, en vous accompagnant \u00e0 chaque \u00e9tape du processus. Leur engagement et leur professionnalisme garantissent un accompagnement de qualit\u00e9 et des r\u00e9sultats \u00e0 la hauteur de vos attentes. Des solutions innovantes et cr\u00e9atives pour des team building uniques et impactants : Nous ne nous contentons pas de reproduire des formules standardis\u00e9es. Nous concevons des team building sur mesure, en utilisant des m\u00e9thodes et des outils innovants pour cr\u00e9er des exp\u00e9riences uniques et m\u00e9morables. Notre objectif est de vous proposer un team building qui marquera les esprits et qui aura un impact positif durable sur vos \u00e9quipes.<\/p>\n","protected":false},"author":1,"featured_media":0,"parent":0,"menu_order":0,"comment_status":"closed","ping_status":"closed","template":"elementor_header_footer","meta":{"_eb_attr":"","footnotes":""},"class_list":["post-1161","page","type-page","status-publish","hentry"],"_links":{"self":[{"href":"https:\/\/www.ccg-ci.com\/index.php\/wp-json\/wp\/v2\/pages\/1161","targetHints":{"allow":["GET"]}}],"collection":[{"href":"https:\/\/www.ccg-ci.com\/index.php\/wp-json\/wp\/v2\/pages"}],"about":[{"href":"https:\/\/www.ccg-ci.com\/index.php\/wp-json\/wp\/v2\/types\/page"}],"author":[{"embeddable":true,"href":"https:\/\/www.ccg-ci.com\/index.php\/wp-json\/wp\/v2\/users\/1"}],"replies":[{"embeddable":true,"href":"https:\/\/www.ccg-ci.com\/index.php\/wp-json\/wp\/v2\/comments?post=1161"}],"version-history":[{"count":7,"href":"https:\/\/www.ccg-ci.com\/index.php\/wp-json\/wp\/v2\/pages\/1161\/revisions"}],"predecessor-version":[{"id":1169,"href":"https:\/\/www.ccg-ci.com\/index.php\/wp-json\/wp\/v2\/pages\/1161\/revisions\/1169"}],"wp:attachment":[{"href":"https:\/\/www.ccg-ci.com\/index.php\/wp-json\/wp\/v2\/media?parent=1161"}],"curies":[{"name":"wp","href":"https:\/\/api.w.org\/{rel}","templated":true}]}}